{"id":2,"date":"2021-03-02T14:54:44","date_gmt":"2021-03-02T13:54:44","guid":{"rendered":"http:\/\/www.agsf.fr\/?page_id=2"},"modified":"2021-03-02T16:24:47","modified_gmt":"2021-03-02T15:24:47","slug":"agsf-landing-page","status":"publish","type":"page","link":"https:\/\/www.agsf.fr\/","title":{"rendered":"AGSF"},"content":{"rendered":"<p>[et_pb_section fb_built=\u00a0\u00bb1&Prime; fullwidth=\u00a0\u00bbon\u00a0\u00bb _builder_version=\u00a0\u00bb4.9.0&Prime; _module_preset=\u00a0\u00bbdefault\u00a0\u00bb][et_pb_fullwidth_header text_orientation=\u00a0\u00bbcenter\u00a0\u00bb header_fullscreen=\u00a0\u00bbon\u00a0\u00bb header_scroll_down=\u00a0\u00bbon\u00a0\u00bb scroll_down_icon=\u00a0\u00bb%%5%%\u00a0\u00bb button_one_text=\u00a0\u00bbNous contacter\u00a0\u00bb button_one_url=\u00a0\u00bb#contact-agsf\u00a0\u00bb background_overlay_color=\u00a0\u00bbrgba(0,0,0,0.45)\u00a0\u00bb logo_image_url=\u00a0\u00bbhttp:\/\/www.agsf.fr\/wp-content\/uploads\/2021\/03\/logo-agsf-hd-4.png\u00a0\u00bb _builder_version=\u00a0\u00bb4.9.0&Prime; _module_preset=\u00a0\u00bbdefault\u00a0\u00bb title_font=\u00a0\u00bbMuli|700|||||||\u00a0\u00bb title_font_size=\u00a0\u00bb36px\u00a0\u00bb content_font=\u00a0\u00bbMuli|600|||||||\u00a0\u00bb content_text_align=\u00a0\u00bbcenter\u00a0\u00bb content_text_color=\u00a0\u00bb#FFFFFF\u00a0\u00bb content_font_size=\u00a0\u00bb20px\u00a0\u00bb content_line_height=\u00a0\u00bb1.8em\u00a0\u00bb content_link_font=\u00a0\u00bb|700|||||||\u00a0\u00bb content_link_text_color=\u00a0\u00bb#FFFFFF\u00a0\u00bb background_enable_color=\u00a0\u00bboff\u00a0\u00bb background_image=\u00a0\u00bbhttp:\/\/www.agsf.fr\/wp-content\/uploads\/2021\/03\/VILLA-D-1-copie.jpg\u00a0\u00bb custom_button_one=\u00a0\u00bbon\u00a0\u00bb button_one_text_size=\u00a0\u00bb16px\u00a0\u00bb button_one_text_color=\u00a0\u00bb#FFFFFF\u00a0\u00bb button_one_bg_color=\u00a0\u00bb#e30317&Prime; button_one_border_width=\u00a0\u00bb10px\u00a0\u00bb button_one_border_color=\u00a0\u00bb#e30317&Prime; button_one_border_radius=\u00a0\u00bb0px\u00a0\u00bb button_one_font=\u00a0\u00bbMuli|700|||||||\u00a0\u00bb button_one_use_icon=\u00a0\u00bboff\u00a0\u00bb button_one_custom_margin=\u00a0\u00bb50px||||false|false\u00a0\u00bb hover_enabled=\u00a0\u00bb0&Prime; border_width_all_image=\u00a0\u00bb30px\u00a0\u00bb border_color_all_image=\u00a0\u00bbRGBA(0,0,0,0)\u00a0\u00bb button_one_border_radius__hover_enabled=\u00a0\u00bbon|hover\u00a0\u00bb button_one_border_radius__hover=\u00a0\u00bb100px\u00a0\u00bb sticky_enabled=\u00a0\u00bb0&Prime;]<\/p>\n<h1>Le site d&rsquo;AGSF est en cours de construction&#8230;<\/h1>\n<p>&nbsp;<\/p>\n<p>Pour nous joindre :<\/p>\n<p><a href=\"mailto:contact@agsf.fr\">contact@agsf.fr<\/a><\/p>\n<p><strong>05 56 32 57 02<\/strong><\/p>\n<p><strong><\/strong><\/p>\n<p><span>ou via notre formulaire de contact ci-dessous.<\/span><\/p>\n<p>[\/et_pb_fullwidth_header][\/et_pb_section][et_pb_section fb_built=\u00a0\u00bb1&Prime; _builder_version=\u00a0\u00bb4.9.0&Prime; _module_preset=\u00a0\u00bbdefault\u00a0\u00bb background_color=\u00a0\u00bb#e30317&Prime; min_height=\u00a0\u00bb20px\u00a0\u00bb height=\u00a0\u00bb20px\u00a0\u00bb max_height=\u00a0\u00bb20px\u00a0\u00bb custom_margin=\u00a0\u00bb0px||0px||false|false\u00a0\u00bb custom_padding=\u00a0\u00bb0px||0px||false|false\u00a0\u00bb][\/et_pb_section][et_pb_section fb_built=\u00a0\u00bb1&Prime; _builder_version=\u00a0\u00bb4.9.0&Prime; _module_preset=\u00a0\u00bbdefault\u00a0\u00bb custom_padding=\u00a0\u00bb150px||150px||true|false\u00a0\u00bb][et_pb_row column_structure=\u00a0\u00bb2_5,3_5&Prime; module_id=\u00a0\u00bbcontact-agsf\u00a0\u00bb _builder_version=\u00a0\u00bb4.9.0&Prime; _module_preset=\u00a0\u00bbdefault\u00a0\u00bb][et_pb_column type=\u00a0\u00bb2_5&Prime; _builder_version=\u00a0\u00bb4.9.0&Prime; _module_preset=\u00a0\u00bbdefault\u00a0\u00bb][et_pb_text _builder_version=\u00a0\u00bb4.9.0&Prime; _module_preset=\u00a0\u00bbdefault\u00a0\u00bb text_font=\u00a0\u00bbMuli||||||||\u00a0\u00bb text_font_size=\u00a0\u00bb15px\u00a0\u00bb header_2_font=\u00a0\u00bbMuli|600|||||||\u00a0\u00bb header_2_font_size=\u00a0\u00bb45px\u00a0\u00bb header_2_line_height=\u00a0\u00bb1.5em\u00a0\u00bb]<\/p>\n<h2>Ecrivez-nous<\/h2>\n<p>Vous souhaitez des informations compl\u00e9mentaires sur nos produits, un conseil, une \u00e9tude personnalis\u00e9e, un rendez-vous ?<\/p>\n<p>N\u2019h\u00e9sitez pas \u00e0 remplir le formulaire ci-contre, nous vous contacterons tr\u00e8s rapidement.<\/p>\n<p>[\/et_pb_text][\/et_pb_column][et_pb_column type=\u00a0\u00bb3_5&Prime; _builder_version=\u00a0\u00bb4.9.0&Prime; _module_preset=\u00a0\u00bbdefault\u00a0\u00bb][et_pb_contact_form email=\u00a0\u00bbcontact@agsf.fr\u00a0\u00bb custom_message=\u00a0\u00bbVous avez une nouveau message depuis votre site www.agsf.fr : ||et_pb_line_break_holder||||et_pb_line_break_holder||%%Name%%||et_pb_line_break_holder||%%Email%%||et_pb_line_break_holder||%%Message%%\u00a0\u00bb success_message=\u00a0\u00bbVotre message a \u00e9t\u00e9 transmis \u00e0 AGSF avec succ\u00e8s.\u00a0\u00bb submit_button_text=\u00a0\u00bbEnvoyer\u00a0\u00bb _builder_version=\u00a0\u00bb4.9.0&Prime; _module_preset=\u00a0\u00bbdefault\u00a0\u00bb form_field_background_color=\u00a0\u00bbrgba(0,0,0,0.45)\u00a0\u00bb form_field_text_color=\u00a0\u00bb#FFFFFF\u00a0\u00bb custom_button=\u00a0\u00bbon\u00a0\u00bb button_text_size=\u00a0\u00bb16px\u00a0\u00bb button_text_color=\u00a0\u00bb#FFFFFF\u00a0\u00bb button_bg_color=\u00a0\u00bb#e30317&Prime; button_border_width=\u00a0\u00bb5px\u00a0\u00bb button_border_color=\u00a0\u00bb#e30317&Prime; button_border_radius=\u00a0\u00bb0px\u00a0\u00bb button_font=\u00a0\u00bbMuli|700|||||||\u00a0\u00bb button_use_icon=\u00a0\u00bboff\u00a0\u00bb button_border_radius__hover=\u00a0\u00bb100px\u00a0\u00bb button_border_radius__hover_enabled=\u00a0\u00bbon|hover\u00a0\u00bb][et_pb_contact_field field_id=\u00a0\u00bbName\u00a0\u00bb field_title=\u00a0\u00bbNom\u00a0\u00bb _builder_version=\u00a0\u00bb3.16&Prime; button_text_size__hover_enabled=\u00a0\u00bboff\u00a0\u00bb button_one_text_size__hover_enabled=\u00a0\u00bboff\u00a0\u00bb button_two_text_size__hover_enabled=\u00a0\u00bboff\u00a0\u00bb button_text_color__hover_enabled=\u00a0\u00bboff\u00a0\u00bb button_one_text_color__hover_enabled=\u00a0\u00bboff\u00a0\u00bb button_two_text_color__hover_enabled=\u00a0\u00bboff\u00a0\u00bb button_border_width__hover_enabled=\u00a0\u00bboff\u00a0\u00bb button_one_border_width__hover_enabled=\u00a0\u00bboff\u00a0\u00bb button_two_border_width__hover_enabled=\u00a0\u00bboff\u00a0\u00bb button_border_color__hover_enabled=\u00a0\u00bboff\u00a0\u00bb button_one_border_color__hover_enabled=\u00a0\u00bboff\u00a0\u00bb button_two_border_color__hover_enabled=\u00a0\u00bboff\u00a0\u00bb button_border_radius__hover_enabled=\u00a0\u00bboff\u00a0\u00bb button_one_border_radius__hover_enabled=\u00a0\u00bboff\u00a0\u00bb button_two_border_radius__hover_enabled=\u00a0\u00bboff\u00a0\u00bb button_letter_spacing__hover_enabled=\u00a0\u00bboff\u00a0\u00bb button_one_letter_spacing__hover_enabled=\u00a0\u00bboff\u00a0\u00bb button_two_letter_spacing__hover_enabled=\u00a0\u00bboff\u00a0\u00bb button_bg_color__hover_enabled=\u00a0\u00bboff\u00a0\u00bb button_one_bg_color__hover_enabled=\u00a0\u00bboff\u00a0\u00bb button_two_bg_color__hover_enabled=\u00a0\u00bboff\u00a0\u00bb][\/et_pb_contact_field][et_pb_contact_field field_id=\u00a0\u00bbEmail\u00a0\u00bb field_title=\u00a0\u00bbAdresse e-mail\u00a0\u00bb field_type=\u00a0\u00bbemail\u00a0\u00bb _builder_version=\u00a0\u00bb3.16&Prime; button_text_size__hover_enabled=\u00a0\u00bboff\u00a0\u00bb button_one_text_size__hover_enabled=\u00a0\u00bboff\u00a0\u00bb button_two_text_size__hover_enabled=\u00a0\u00bboff\u00a0\u00bb button_text_color__hover_enabled=\u00a0\u00bboff\u00a0\u00bb button_one_text_color__hover_enabled=\u00a0\u00bboff\u00a0\u00bb button_two_text_color__hover_enabled=\u00a0\u00bboff\u00a0\u00bb button_border_width__hover_enabled=\u00a0\u00bboff\u00a0\u00bb button_one_border_width__hover_enabled=\u00a0\u00bboff\u00a0\u00bb button_two_border_width__hover_enabled=\u00a0\u00bboff\u00a0\u00bb button_border_color__hover_enabled=\u00a0\u00bboff\u00a0\u00bb button_one_border_color__hover_enabled=\u00a0\u00bboff\u00a0\u00bb button_two_border_color__hover_enabled=\u00a0\u00bboff\u00a0\u00bb button_border_radius__hover_enabled=\u00a0\u00bboff\u00a0\u00bb button_one_border_radius__hover_enabled=\u00a0\u00bboff\u00a0\u00bb button_two_border_radius__hover_enabled=\u00a0\u00bboff\u00a0\u00bb button_letter_spacing__hover_enabled=\u00a0\u00bboff\u00a0\u00bb button_one_letter_spacing__hover_enabled=\u00a0\u00bboff\u00a0\u00bb button_two_letter_spacing__hover_enabled=\u00a0\u00bboff\u00a0\u00bb button_bg_color__hover_enabled=\u00a0\u00bboff\u00a0\u00bb button_one_bg_color__hover_enabled=\u00a0\u00bboff\u00a0\u00bb button_two_bg_color__hover_enabled=\u00a0\u00bboff\u00a0\u00bb][\/et_pb_contact_field][et_pb_contact_field field_id=\u00a0\u00bbMessage\u00a0\u00bb field_title=\u00a0\u00bbMessage\u00a0\u00bb field_type=\u00a0\u00bbtext\u00a0\u00bb fullwidth_field=\u00a0\u00bbon\u00a0\u00bb _builder_version=\u00a0\u00bb4.9.0&Prime; button_text_size__hover_enabled=\u00a0\u00bboff\u00a0\u00bb button_one_text_size__hover_enabled=\u00a0\u00bboff\u00a0\u00bb button_two_text_size__hover_enabled=\u00a0\u00bboff\u00a0\u00bb button_text_color__hover_enabled=\u00a0\u00bboff\u00a0\u00bb button_one_text_color__hover_enabled=\u00a0\u00bboff\u00a0\u00bb button_two_text_color__hover_enabled=\u00a0\u00bboff\u00a0\u00bb button_border_width__hover_enabled=\u00a0\u00bboff\u00a0\u00bb button_one_border_width__hover_enabled=\u00a0\u00bboff\u00a0\u00bb button_two_border_width__hover_enabled=\u00a0\u00bboff\u00a0\u00bb button_border_color__hover_enabled=\u00a0\u00bboff\u00a0\u00bb button_one_border_color__hover_enabled=\u00a0\u00bboff\u00a0\u00bb button_two_border_color__hover_enabled=\u00a0\u00bboff\u00a0\u00bb button_border_radius__hover_enabled=\u00a0\u00bboff\u00a0\u00bb button_one_border_radius__hover_enabled=\u00a0\u00bboff\u00a0\u00bb button_two_border_radius__hover_enabled=\u00a0\u00bboff\u00a0\u00bb button_letter_spacing__hover_enabled=\u00a0\u00bboff\u00a0\u00bb button_one_letter_spacing__hover_enabled=\u00a0\u00bboff\u00a0\u00bb button_two_letter_spacing__hover_enabled=\u00a0\u00bboff\u00a0\u00bb button_bg_color__hover_enabled=\u00a0\u00bboff\u00a0\u00bb button_one_bg_color__hover_enabled=\u00a0\u00bboff\u00a0\u00bb button_two_bg_color__hover_enabled=\u00a0\u00bboff\u00a0\u00bb][\/et_pb_contact_field][\/et_pb_contact_form][\/et_pb_column][\/et_pb_row][\/et_pb_section][et_pb_section fb_built=\u00a0\u00bb1&Prime; _builder_version=\u00a0\u00bb4.9.0&Prime; _module_preset=\u00a0\u00bbdefault\u00a0\u00bb background_image=\u00a0\u00bbhttp:\/\/www.agsf.fr\/wp-content\/uploads\/2021\/03\/background5.jpg\u00a0\u00bb custom_padding=\u00a0\u00bb20px||20px||false|false\u00a0\u00bb][et_pb_row _builder_version=\u00a0\u00bb4.9.0&Prime; _module_preset=\u00a0\u00bbdefault\u00a0\u00bb custom_padding=\u00a0\u00bb0px||0px||false|false\u00a0\u00bb][et_pb_column type=\u00a0\u00bb4_4&Prime; _builder_version=\u00a0\u00bb4.9.0&Prime; _module_preset=\u00a0\u00bbdefault\u00a0\u00bb][et_pb_text _builder_version=\u00a0\u00bb4.9.0&Prime; _module_preset=\u00a0\u00bbdefault\u00a0\u00bb link_text_color=\u00a0\u00bb#E02B20&Prime;]<\/p>\n<p><span>\u00a9 AGSF | TOUS DROITS R\u00c9SERV\u00c9S |<a href=\"https:\/\/www.c10i.com\">\u00a0<\/a><\/span><a href=\"https:\/\/www.c10i.com\">Agence C10i<\/a><\/p>\n<p>[\/et_pb_text][\/et_pb_column][\/et_pb_row][\/et_pb_section]<\/p>\n","protected":false},"excerpt":{"rendered":"<p>[et_pb_section fb_built=\u00a0\u00bb1&Prime; fullwidth=\u00a0\u00bbon\u00a0\u00bb _builder_version=\u00a0\u00bb4.9.0&Prime; _module_preset=\u00a0\u00bbdefault\u00a0\u00bb][et_pb_fullwidth_header text_orientation=\u00a0\u00bbcenter\u00a0\u00bb header_fullscreen=\u00a0\u00bbon\u00a0\u00bb header_scroll_down=\u00a0\u00bbon\u00a0\u00bb scroll_down_icon=\u00a0\u00bb%%5%%\u00a0\u00bb button_one_text=\u00a0\u00bbNous contacter\u00a0\u00bb button_one_url=\u00a0\u00bb#contact-agsf\u00a0\u00bb background_overlay_color=\u00a0\u00bbrgba(0,0,0,0.45)\u00a0\u00bb logo_image_url=\u00a0\u00bbhttp:\/\/www.agsf.fr\/wp-content\/uploads\/2021\/03\/logo-agsf-hd-4.png\u00a0\u00bb _builder_version=\u00a0\u00bb4.9.0&Prime; _module_preset=\u00a0\u00bbdefault\u00a0\u00bb title_font=\u00a0\u00bbMuli|700|||||||\u00a0\u00bb title_font_size=\u00a0\u00bb36px\u00a0\u00bb content_font=\u00a0\u00bbMuli|600|||||||\u00a0\u00bb content_text_align=\u00a0\u00bbcenter\u00a0\u00bb content_text_color=\u00a0\u00bb#FFFFFF\u00a0\u00bb content_font_size=\u00a0\u00bb20px\u00a0\u00bb content_line_height=\u00a0\u00bb1.8em\u00a0\u00bb content_link_font=\u00a0\u00bb|700|||||||\u00a0\u00bb content_link_text_color=\u00a0\u00bb#FFFFFF\u00a0\u00bb background_enable_color=\u00a0\u00bboff\u00a0\u00bb background_image=\u00a0\u00bbhttp:\/\/www.agsf.fr\/wp-content\/uploads\/2021\/03\/VILLA-D-1-copie.jpg\u00a0\u00bb custom_button_one=\u00a0\u00bbon\u00a0\u00bb button_one_text_size=\u00a0\u00bb16px\u00a0\u00bb button_one_text_color=\u00a0\u00bb#FFFFFF\u00a0\u00bb button_one_bg_color=\u00a0\u00bb#e30317&Prime; button_one_border_width=\u00a0\u00bb10px\u00a0\u00bb button_one_border_color=\u00a0\u00bb#e30317&Prime; button_one_border_radius=\u00a0\u00bb0px\u00a0\u00bb button_one_font=\u00a0\u00bbMuli|700|||||||\u00a0\u00bb button_one_use_icon=\u00a0\u00bboff\u00a0\u00bb button_one_custom_margin=\u00a0\u00bb50px||||false|false\u00a0\u00bb hover_enabled=\u00a0\u00bb0&Prime; border_width_all_image=\u00a0\u00bb30px\u00a0\u00bb border_color_all_image=\u00a0\u00bbRGBA(0,0,0,0)\u00a0\u00bb button_one_border_radius__hover_enabled=\u00a0\u00bbon|hover\u00a0\u00bb button_one_border_radius__hover=\u00a0\u00bb100px\u00a0\u00bb sticky_enabled=\u00a0\u00bb0&Prime;] Le site d&rsquo;AGSF est en cours de construction&#8230; &nbsp; Pour nous joindre [&hellip;]<\/p>\n","protected":false},"author":1,"featured_media":0,"parent":0,"menu_order":0,"comment_status":"closed","ping_status":"closed","template":"page-template-blank.php","meta":{"_et_pb_use_builder":"on","_et_pb_old_content":"<!-- wp:paragraph -->\n<p>Ceci est une page d\u2019exemple. C\u2019est diff\u00e9rent d\u2019un article de blog parce qu\u2019elle restera au m\u00eame endroit et appara\u00eetra dans la navigation de votre site (dans la plupart des th\u00e8mes). La plupart des gens commencent par une page \u00ab\u00a0\u00c0 propos\u00a0\u00bb qui les pr\u00e9sente aux visiteurs du site. Cela pourrait ressembler \u00e0 quelque chose comme cela\u00a0:<\/p>\n<!-- \/wp:paragraph -->\n\n<!-- wp:quote -->\n<blockquote class=\"wp-block-quote\"><p>Bonjour\u00a0! Je suis un m\u00e9canicien qui aspire \u00e0 devenir acteur, et voici mon site. J\u2019habite \u00e0 Bordeaux, j\u2019ai un super chien baptis\u00e9 Russell, et j\u2019aime la vodka (ainsi qu\u2019\u00eatre surpris par la pluie soudaine lors de longues balades sur la plage au coucher du soleil).<\/p><\/blockquote>\n<!-- \/wp:quote -->\n\n<!-- wp:paragraph -->\n<p>...ou quelque chose comme cela\u00a0:<\/p>\n<!-- \/wp:paragraph -->\n\n<!-- wp:quote -->\n<blockquote class=\"wp-block-quote\"><p>La soci\u00e9t\u00e9 123 Machin Truc a \u00e9t\u00e9 cr\u00e9\u00e9e en 1971, et n\u2019a cess\u00e9 de proposer au public des machins-trucs de qualit\u00e9 depuis lors. Situ\u00e9e \u00e0 Saint-Remy-en-Bouzemont-Saint-Genest-et-Isson, 123 Machin Truc emploie 2 000 personnes, et fabrique toutes sortes de bidules supers pour la communaut\u00e9 bouzemontoise.<\/p><\/blockquote>\n<!-- \/wp:quote -->\n\n<!-- wp:paragraph -->\n<p>En tant que nouvel utilisateur ou utilisatrice de WordPress, vous devriez vous rendre sur <a href=\"http:\/\/www.agsf.fr\/wp-admin\/\">votre tableau de bord<\/a> pour supprimer cette page et cr\u00e9er de nouvelles pages pour votre contenu. Amusez-vous bien\u00a0!<\/p>\n<!-- \/wp:paragraph -->","_et_gb_content_width":""},"_links":{"self":[{"href":"https:\/\/www.agsf.fr\/index.php\/wp-json\/wp\/v2\/pages\/2"}],"collection":[{"href":"https:\/\/www.agsf.fr\/index.php\/wp-json\/wp\/v2\/pages"}],"about":[{"href":"https:\/\/www.agsf.fr\/index.php\/wp-json\/wp\/v2\/types\/page"}],"author":[{"embeddable":true,"href":"https:\/\/www.agsf.fr\/index.php\/wp-json\/wp\/v2\/users\/1"}],"replies":[{"embeddable":true,"href":"https:\/\/www.agsf.fr\/index.php\/wp-json\/wp\/v2\/comments?post=2"}],"version-history":[{"count":37,"href":"https:\/\/www.agsf.fr\/index.php\/wp-json\/wp\/v2\/pages\/2\/revisions"}],"predecessor-version":[{"id":77,"href":"https:\/\/www.agsf.fr\/index.php\/wp-json\/wp\/v2\/pages\/2\/revisions\/77"}],"wp:attachment":[{"href":"https:\/\/www.agsf.fr\/index.php\/wp-json\/wp\/v2\/media?parent=2"}],"curies":[{"name":"wp","href":"https:\/\/api.w.org\/{rel}","templated":true}]}}